
      {"id":2960,"date":"2025-12-01T00:58:46","date_gmt":"2025-12-01T00:58:46","guid":{"rendered":"https:\/\/prueba.jabutec.com.do\/?product=perfil-a00758a07_2-negro-giza-ll-aluminio-klus-2"},"modified":"2025-12-29T11:36:57","modified_gmt":"2025-12-29T11:36:57","slug":"perfil-a00758a07_2-negro-giza-ll-aluminio-klus-2","status":"publish","type":"product","link":"https:\/\/conssa.com.do\/?product=perfil-a00758a07_2-negro-giza-ll-aluminio-klus-2","title":{"rendered":"Perfil A01263A07_2 negro PDS-4 PLUS KLUS"},"content":{"rendered":"<ul>\n<li style=\"display: table-row;font-size: 1rem\" data-mce-style=\"display: table-row; font-size: 1rem;\"><span dir=\"auto\" style=\"vertical-align: inherit\" data-mce-style=\"vertical-align: inherit;\">Posibilidad de montar tiras LED selladas de la serie 8K<\/span><\/li>\n<li style=\"display: table-row;font-size: 1rem\" data-mce-style=\"display: table-row; font-size: 1rem;\"><span dir=\"auto\" style=\"vertical-align: inherit\" data-mce-style=\"vertical-align: inherit;\">Radio de curvatura peque\u00f1o<\/span><\/li>\n<li style=\"display: table-row;font-size: 1rem\" data-mce-style=\"display: table-row; font-size: 1rem;\"><span dir=\"auto\" style=\"vertical-align: inherit\" data-mce-style=\"vertical-align: inherit;\">Posibilidad de flexi\u00f3n en el plano de luz<\/span><\/li>\n<\/ul>\n<div class=\"pc-info__title\"><span dir=\"auto\" style=\"vertical-align: inherit\" data-mce-style=\"vertical-align: inherit;\">Solicitud<\/span><\/div>\n<div class=\"pc-info__content\">\n<ul style=\"margin-top: 0px;margin-bottom: 1rem;padding-left: 0px\" data-mce-style=\"margin-top: 0px; margin-bottom: 1rem; padding-left: 0px;\">\n<li style=\"font-size: 15px;margin-bottom: 0.25rem\" data-mce-style=\"font-size: 15px; margin-bottom: 0.25rem;\"><span dir=\"auto\" style=\"vertical-align: inherit\" data-mce-style=\"vertical-align: inherit;\">&#8211; Iluminaci\u00f3n principal, funcional, de mobiliario y decorativa.<\/span><\/li>\n<\/ul>\n<\/div>\n<div class=\"pc-info__title\"><span dir=\"auto\" style=\"vertical-align: inherit\" data-mce-style=\"vertical-align: inherit;\">Montaje<\/span><\/div>\n<div class=\"pc-info__content\">\n<ul style=\"margin-top: 0px;margin-bottom: 1rem;padding-left: 0px\" data-mce-style=\"margin-top: 0px; margin-bottom: 1rem; padding-left: 0px;\">\n<li style=\"font-size: 15px;margin-bottom: 0.25rem\" data-mce-style=\"font-size: 15px; margin-bottom: 0.25rem;\"><span dir=\"auto\" style=\"vertical-align: inherit\" data-mce-style=\"vertical-align: inherit;\">&#8211; a la superficie, suspendido o empotrado, utilizando accesorios espec\u00edficos, tornillos adecuadamente seleccionados, con cinta adhesiva de doble cara o adhesivo de montaje<\/span><\/li>\n<li style=\"font-size: 15px;margin-bottom: 0.25rem\" data-mce-style=\"font-size: 15px; margin-bottom: 0.25rem;\"><span dir=\"auto\" style=\"vertical-align: inherit\" data-mce-style=\"vertical-align: inherit;\">&#8211; F\u00e1cil montaje y desmontaje mediante encaje a presi\u00f3n.<\/span><\/li>\n<\/ul>\n<\/div>\n<div class=\"pc-info__title\"><span dir=\"auto\" style=\"vertical-align: inherit\" data-mce-style=\"vertical-align: inherit;\">Informaci\u00f3n adicional<\/span><\/div>\n<div class=\"pc-info__content\">\n<ul style=\"margin-top: 0px;margin-bottom: 1rem;padding-left: 0px\" data-mce-style=\"margin-top: 0px; margin-bottom: 1rem; padding-left: 0px;\">\n<li style=\"font-size: 15px;margin-bottom: 0.25rem\" data-mce-style=\"font-size: 15px; margin-bottom: 0.25rem;\"><span dir=\"auto\" style=\"vertical-align: inherit\" data-mce-style=\"vertical-align: inherit;\">&#8211; longitud de cubierta igual a la longitud del perfil solo con el uso de una tapa de extremo PDS-4-PLUS dedicada<\/span><\/li>\n<li style=\"font-size: 15px;margin-bottom: 0.25rem\" data-mce-style=\"font-size: 15px; margin-bottom: 0.25rem;\"><span dir=\"auto\" style=\"vertical-align: inherit\" data-mce-style=\"vertical-align: inherit;\">&#8211; Si elige una longitud de perfiles\/cubiertas diferente a la disponible en el est\u00e1ndar, deber\u00e1 elegir adicionalmente el servicio de corte en KLU\u015a<\/span><\/li>\n<li style=\"font-size: 15px;margin-bottom: 0.25rem\" data-mce-style=\"font-size: 15px; margin-bottom: 0.25rem;\"><span dir=\"auto\" style=\"vertical-align: inherit\" data-mce-style=\"vertical-align: inherit;\">&#8211; Opci\u00f3n de pintura NCS Premium &#8211; cantidad m\u00ednima de pedido 30 piezas &#8211; disponible de inmediato<\/span><\/li>\n<\/ul>\n<\/div>\n","protected":false},"excerpt":{"rendered":"<p><\/p>\n","protected":false},"featured_media":4403,"comment_status":"open","ping_status":"closed","template":"","meta":[],"product_brand":[162],"product_cat":[141],"product_tag":[],"class_list":{"0":"post-2960","1":"product","2":"type-product","3":"status-publish","4":"has-post-thumbnail","6":"product_brand-klus","7":"product_cat-perfile-negro","9":"first","10":"instock","11":"shipping-taxable","12":"product-type-simple"},"_links":{"self":[{"href":"https:\/\/conssa.com.do\/index.php?rest_route=\/wp\/v2\/product\/2960","targetHints":{"allow":["GET"]}}],"collection":[{"href":"https:\/\/conssa.com.do\/index.php?rest_route=\/wp\/v2\/product"}],"about":[{"href":"https:\/\/conssa.com.do\/index.php?rest_route=\/wp\/v2\/types\/product"}],"replies":[{"embeddable":true,"href":"https:\/\/conssa.com.do\/index.php?rest_route=%2Fwp%2Fv2%2Fcomments&post=2960"}],"wp:featuredmedia":[{"embeddable":true,"href":"https:\/\/conssa.com.do\/index.php?rest_route=\/wp\/v2\/media\/4403"}],"wp:attachment":[{"href":"https:\/\/conssa.com.do\/index.php?rest_route=%2Fwp%2Fv2%2Fmedia&parent=2960"}],"wp:term":[{"taxonomy":"product_brand","embeddable":true,"href":"https:\/\/conssa.com.do\/index.php?rest_route=%2Fwp%2Fv2%2Fproduct_brand&post=2960"},{"taxonomy":"product_cat","embeddable":true,"href":"https:\/\/conssa.com.do\/index.php?rest_route=%2Fwp%2Fv2%2Fproduct_cat&post=2960"},{"taxonomy":"product_tag","embeddable":true,"href":"https:\/\/conssa.com.do\/index.php?rest_route=%2Fwp%2Fv2%2Fproduct_tag&post=2960"}],"curies":[{"name":"wp","href":"https:\/\/api.w.org\/{rel}","templated":true}]}}