
      {"id":2962,"date":"2025-12-01T00:58:54","date_gmt":"2025-12-01T00:58:54","guid":{"rendered":"https:\/\/prueba.jabutec.com.do\/?product=perfil-a01588a07_2-pds-nk-negro-klus"},"modified":"2025-12-29T11:08:54","modified_gmt":"2025-12-29T11:08:54","slug":"perfil-a01588a07_2-pds-nk-negro-klus","status":"publish","type":"product","link":"https:\/\/conssa.com.do\/?product=perfil-a01588a07_2-pds-nk-negro-klus","title":{"rendered":"Perfil A01588A07_2 PDS-NK NEGRO KLUS"},"content":{"rendered":"<ul>\n<li style=\"display: table-row;font-size: 1rem\"><font dir=\"auto\" style=\"vertical-align: inherit\">Posibilidad de montar tiras LED selladas de la serie 8K<\/font><\/li>\n<li style=\"display: table-row;font-size: 1rem\"><font dir=\"auto\" style=\"vertical-align: inherit\">Borde de ranura invisible<\/font><\/li>\n<li style=\"display: table-row;font-size: 1rem\"><font dir=\"auto\" style=\"vertical-align: inherit\">Radio de curvatura peque\u00f1o<\/font><\/li>\n<li style=\"display: table-row;font-size: 1rem\"><font dir=\"auto\" style=\"vertical-align: inherit\">Amplia gama de accesorios<\/font><\/li>\n<\/ul>\n<div class=\"pc-info__title\"><font dir=\"auto\" style=\"vertical-align: inherit\">Solicitud<\/font><\/div>\n<div class=\"pc-info__content\">\n<ul style=\"margin-top: 0px;margin-bottom: 1rem;padding-left: 0px\">\n<li style=\"font-size: 15px;margin-bottom: 0.25rem\"><font dir=\"auto\" style=\"vertical-align: inherit\">&#8211; mobiliario, iluminaci\u00f3n principal y decorativa<\/font><\/li>\n<\/ul>\n<\/div>\n<div class=\"pc-info__title\"><font dir=\"auto\" style=\"vertical-align: inherit\">Montaje<\/font><\/div>\n<div class=\"pc-info__content\">\n<ul style=\"margin-top: 0px;margin-bottom: 1rem;padding-left: 0px\">\n<li style=\"font-size: 15px;margin-bottom: 0.25rem\"><font dir=\"auto\" style=\"vertical-align: inherit\">&#8211; empotrado, con adhesivo de montaje o cinta adhesiva de doble cara<\/font><\/li>\n<\/ul>\n<\/div>\n<div class=\"pc-info__title\"><font dir=\"auto\" style=\"vertical-align: inherit\">Informaci\u00f3n adicional<\/font><\/div>\n<div class=\"pc-info__content\">\n<ul style=\"margin-top: 0px;margin-bottom: 1rem;padding-left: 0px\">\n<li style=\"font-size: 15px;margin-bottom: 0.25rem\"><font dir=\"auto\" style=\"vertical-align: inherit\">&#8211; Si elige una longitud de perfiles\/cubiertas diferente a la disponible en el est\u00e1ndar, deber\u00e1 elegir adicionalmente el servicio de corte en KLU\u015a<\/font><\/li>\n<\/ul>\n<\/div>\n","protected":false},"excerpt":{"rendered":"<p><\/p>\n","protected":false},"featured_media":4395,"comment_status":"open","ping_status":"closed","template":"","meta":[],"product_brand":[162],"product_cat":[141],"product_tag":[],"class_list":{"0":"post-2962","1":"product","2":"type-product","3":"status-publish","4":"has-post-thumbnail","6":"product_brand-klus","7":"product_cat-perfile-negro","9":"first","10":"instock","11":"shipping-taxable","12":"product-type-simple"},"_links":{"self":[{"href":"https:\/\/conssa.com.do\/index.php?rest_route=\/wp\/v2\/product\/2962","targetHints":{"allow":["GET"]}}],"collection":[{"href":"https:\/\/conssa.com.do\/index.php?rest_route=\/wp\/v2\/product"}],"about":[{"href":"https:\/\/conssa.com.do\/index.php?rest_route=\/wp\/v2\/types\/product"}],"replies":[{"embeddable":true,"href":"https:\/\/conssa.com.do\/index.php?rest_route=%2Fwp%2Fv2%2Fcomments&post=2962"}],"wp:featuredmedia":[{"embeddable":true,"href":"https:\/\/conssa.com.do\/index.php?rest_route=\/wp\/v2\/media\/4395"}],"wp:attachment":[{"href":"https:\/\/conssa.com.do\/index.php?rest_route=%2Fwp%2Fv2%2Fmedia&parent=2962"}],"wp:term":[{"taxonomy":"product_brand","embeddable":true,"href":"https:\/\/conssa.com.do\/index.php?rest_route=%2Fwp%2Fv2%2Fproduct_brand&post=2962"},{"taxonomy":"product_cat","embeddable":true,"href":"https:\/\/conssa.com.do\/index.php?rest_route=%2Fwp%2Fv2%2Fproduct_cat&post=2962"},{"taxonomy":"product_tag","embeddable":true,"href":"https:\/\/conssa.com.do\/index.php?rest_route=%2Fwp%2Fv2%2Fproduct_tag&post=2962"}],"curies":[{"name":"wp","href":"https:\/\/api.w.org\/{rel}","templated":true}]}}