
      {"id":2976,"date":"2025-12-01T00:59:34","date_gmt":"2025-12-01T00:59:34","guid":{"rendered":"https:\/\/prueba.jabutec.com.do\/?product=perfil-18009-box-registro-de-instalacion-klus-3"},"modified":"2025-12-29T18:29:11","modified_gmt":"2025-12-29T18:29:11","slug":"perfil-18009-box-registro-de-instalacion-klus-3","status":"publish","type":"product","link":"https:\/\/conssa.com.do\/?product=perfil-18009-box-registro-de-instalacion-klus-3","title":{"rendered":"Perfil 18032 KIDES DUO KPL KLUS"},"content":{"rendered":"<ul>\n<li style=\"display: table-row;font-size: 1rem\"><font dir=\"auto\" style=\"vertical-align: inherit\">Dise\u00f1ado para clasificaci\u00f3n de protecci\u00f3n IP54<\/font><\/li>\n<li style=\"display: table-row;font-size: 1rem\"><font dir=\"auto\" style=\"vertical-align: inherit\">Iluminaci\u00f3n arriba\/abajo<\/font><\/li>\n<li style=\"display: table-row;font-size: 1rem\"><font dir=\"auto\" style=\"vertical-align: inherit\">Compartimento para el controlador y los componentes el\u00e9ctricos<\/font><\/li>\n<li><font dir=\"auto\" style=\"vertical-align: inherit\">F\u00e1cil mantenimiento<\/font><\/li>\n<\/ul>\n<div class=\"pc-info__title\"><font dir=\"auto\" style=\"vertical-align: inherit\">Solicitud<\/font><\/div>\n<div class=\"pc-info__content\">\n<ul style=\"margin-top: 0px;margin-bottom: 1rem;padding-left: 0px\">\n<li style=\"font-size: 15px;margin-bottom: 0.25rem\"><font dir=\"auto\" style=\"vertical-align: inherit\">&#8211; iluminaci\u00f3n decorativa<\/font><\/li>\n<\/ul>\n<\/div>\n<div class=\"pc-info__title\"><font dir=\"auto\" style=\"vertical-align: inherit\">Montaje<\/font><\/div>\n<div class=\"pc-info__content\">\n<ul style=\"margin-top: 0px;margin-bottom: 1rem;padding-left: 0px\">\n<li style=\"font-size: 15px;margin-bottom: 0.25rem\"><font dir=\"auto\" style=\"vertical-align: inherit\">&#8211; a la superficie, utilizando un riel de montaje espec\u00edfico y tornillos seleccionados adecuadamente<\/font><\/li>\n<\/ul>\n<\/div>\n<div class=\"pc-info__title\"><font dir=\"auto\" style=\"vertical-align: inherit\">Informaci\u00f3n adicional<\/font><\/div>\n<div class=\"pc-info__content\">\n<ul style=\"margin-top: 0px;margin-bottom: 1rem;padding-left: 0px\">\n<li style=\"font-size: 15px;margin-bottom: 0.25rem\"><font dir=\"auto\" style=\"vertical-align: inherit\">&#8211; La alimentaci\u00f3n se puede asegurar dentro del perfil mediante accesorios espec\u00edficos.<\/font><\/li>\n<li style=\"font-size: 15px;margin-bottom: 0.25rem\"><font dir=\"auto\" style=\"vertical-align: inherit\">&#8211; Si elige una longitud de perfiles\/cubiertas diferente a la disponible en el est\u00e1ndar, deber\u00e1 elegir adicionalmente el servicio de corte en KLU\u015a<\/font><\/li>\n<\/ul>\n<\/div>\n","protected":false},"excerpt":{"rendered":"<p><\/p>\n","protected":false},"featured_media":4428,"comment_status":"open","ping_status":"closed","template":"","meta":[],"product_brand":[162],"product_cat":[142],"product_tag":[],"class_list":{"0":"post-2976","1":"product","2":"type-product","3":"status-publish","4":"has-post-thumbnail","6":"product_brand-klus","7":"product_cat-perfiles","9":"first","10":"instock","11":"shipping-taxable","12":"product-type-simple"},"_links":{"self":[{"href":"https:\/\/conssa.com.do\/index.php?rest_route=\/wp\/v2\/product\/2976","targetHints":{"allow":["GET"]}}],"collection":[{"href":"https:\/\/conssa.com.do\/index.php?rest_route=\/wp\/v2\/product"}],"about":[{"href":"https:\/\/conssa.com.do\/index.php?rest_route=\/wp\/v2\/types\/product"}],"replies":[{"embeddable":true,"href":"https:\/\/conssa.com.do\/index.php?rest_route=%2Fwp%2Fv2%2Fcomments&post=2976"}],"wp:featuredmedia":[{"embeddable":true,"href":"https:\/\/conssa.com.do\/index.php?rest_route=\/wp\/v2\/media\/4428"}],"wp:attachment":[{"href":"https:\/\/conssa.com.do\/index.php?rest_route=%2Fwp%2Fv2%2Fmedia&parent=2976"}],"wp:term":[{"taxonomy":"product_brand","embeddable":true,"href":"https:\/\/conssa.com.do\/index.php?rest_route=%2Fwp%2Fv2%2Fproduct_brand&post=2976"},{"taxonomy":"product_cat","embeddable":true,"href":"https:\/\/conssa.com.do\/index.php?rest_route=%2Fwp%2Fv2%2Fproduct_cat&post=2976"},{"taxonomy":"product_tag","embeddable":true,"href":"https:\/\/conssa.com.do\/index.php?rest_route=%2Fwp%2Fv2%2Fproduct_tag&post=2976"}],"curies":[{"name":"wp","href":"https:\/\/api.w.org\/{rel}","templated":true}]}}