
      {"id":2983,"date":"2025-12-01T00:59:53","date_gmt":"2025-12-01T00:59:53","guid":{"rendered":"https:\/\/prueba.jabutec.com.do\/?product=perfil-a01263a_2-pds4-plus-klus-3"},"modified":"2025-12-29T23:17:07","modified_gmt":"2025-12-29T23:17:07","slug":"perfil-a01263a_2-pds4-plus-klus-3","status":"publish","type":"product","link":"https:\/\/conssa.com.do\/?product=perfil-a01263a_2-pds4-plus-klus-3","title":{"rendered":"Perfil A01829A_2 HR-MAX KLUS"},"content":{"rendered":"<ul>\n<li style=\"display: table-row;font-size: 1rem\"><font dir=\"auto\" style=\"vertical-align: inherit\">Para instalaci\u00f3n en suelo interior\/exterior<\/font><\/li>\n<li style=\"display: table-row;font-size: 1rem\"><font dir=\"auto\" style=\"vertical-align: inherit\">Dise\u00f1ado para clasificaciones de protecci\u00f3n IP68 e IK10<\/font><\/li>\n<li style=\"display: table-row;font-size: 1rem\"><font dir=\"auto\" style=\"vertical-align: inherit\">Resistencia a la corrosi\u00f3n a alta salinidad<\/font><\/li>\n<li style=\"display: table-row;font-size: 1rem\"><font dir=\"auto\" style=\"vertical-align: inherit\">Corresponde al ancho del sistema de fachada HR-OPTI<\/font><\/li>\n<\/ul>\n<div class=\"pc-info__title\"><font dir=\"auto\" style=\"vertical-align: inherit\">Solicitud<\/font><\/div>\n<div class=\"pc-info__content\">\n<ul style=\"margin-top: 0px;margin-bottom: 1rem;padding-left: 0px\">\n<li style=\"font-size: 15px;margin-bottom: 0.25rem\"><font dir=\"auto\" style=\"vertical-align: inherit\">&#8211; iluminaci\u00f3n de advertencia y decorativa<\/font><\/li>\n<\/ul>\n<\/div>\n<div class=\"pc-info__title\"><font dir=\"auto\" style=\"vertical-align: inherit\">Montaje<\/font><\/div>\n<div class=\"pc-info__content\">\n<ul style=\"margin-top: 0px;margin-bottom: 1rem;padding-left: 0px\">\n<li style=\"font-size: 15px;margin-bottom: 0.25rem\"><font dir=\"auto\" style=\"vertical-align: inherit\">&#8211; en el suelo, con adhesivo de montaje y un riel de montaje espec\u00edfico<\/font><\/li>\n<\/ul>\n<\/div>\n<div class=\"pc-info__title\"><font dir=\"auto\" style=\"vertical-align: inherit\">Informaci\u00f3n adicional<\/font><\/div>\n<div class=\"pc-info__content\">\n<ul style=\"margin-top: 0px;margin-bottom: 1rem;padding-left: 0px\">\n<li style=\"font-size: 15px;margin-bottom: 0.25rem\"><font dir=\"auto\" style=\"vertical-align: inherit\">&#8211; Posibilidad de una transici\u00f3n suave de una luminaria enterrada a una de fachada<\/font><\/li>\n<li style=\"font-size: 15px;margin-bottom: 0.25rem\"><font dir=\"auto\" style=\"vertical-align: inherit\">&#8211; El uso de clips facilita el montaje de la luminaria.<\/font><\/li>\n<li style=\"font-size: 15px;margin-bottom: 0.25rem\"><font dir=\"auto\" style=\"vertical-align: inherit\">&#8211; compatible con rieles de montaje dedicados HR-MAX-T y HR-MAX-TW<\/font><\/li>\n<li style=\"font-size: 15px;margin-bottom: 0.25rem\"><font dir=\"auto\" style=\"vertical-align: inherit\">&#8211; Si elige una longitud de perfiles\/cubiertas diferente a la disponible en el est\u00e1ndar, deber\u00e1 elegir adicionalmente el servicio de corte en KLU\u015a<\/font><\/li>\n<\/ul>\n<\/div>\n","protected":false},"excerpt":{"rendered":"<p><\/p>\n","protected":false},"featured_media":4472,"comment_status":"open","ping_status":"closed","template":"","meta":[],"product_brand":[162],"product_cat":[142],"product_tag":[],"class_list":{"0":"post-2983","1":"product","2":"type-product","3":"status-publish","4":"has-post-thumbnail","6":"product_brand-klus","7":"product_cat-perfiles","9":"first","10":"instock","11":"shipping-taxable","12":"product-type-simple"},"_links":{"self":[{"href":"https:\/\/conssa.com.do\/index.php?rest_route=\/wp\/v2\/product\/2983","targetHints":{"allow":["GET"]}}],"collection":[{"href":"https:\/\/conssa.com.do\/index.php?rest_route=\/wp\/v2\/product"}],"about":[{"href":"https:\/\/conssa.com.do\/index.php?rest_route=\/wp\/v2\/types\/product"}],"replies":[{"embeddable":true,"href":"https:\/\/conssa.com.do\/index.php?rest_route=%2Fwp%2Fv2%2Fcomments&post=2983"}],"wp:featuredmedia":[{"embeddable":true,"href":"https:\/\/conssa.com.do\/index.php?rest_route=\/wp\/v2\/media\/4472"}],"wp:attachment":[{"href":"https:\/\/conssa.com.do\/index.php?rest_route=%2Fwp%2Fv2%2Fmedia&parent=2983"}],"wp:term":[{"taxonomy":"product_brand","embeddable":true,"href":"https:\/\/conssa.com.do\/index.php?rest_route=%2Fwp%2Fv2%2Fproduct_brand&post=2983"},{"taxonomy":"product_cat","embeddable":true,"href":"https:\/\/conssa.com.do\/index.php?rest_route=%2Fwp%2Fv2%2Fproduct_cat&post=2983"},{"taxonomy":"product_tag","embeddable":true,"href":"https:\/\/conssa.com.do\/index.php?rest_route=%2Fwp%2Fv2%2Fproduct_tag&post=2983"}],"curies":[{"name":"wp","href":"https:\/\/api.w.org\/{rel}","templated":true}]}}