
      {"id":2991,"date":"2025-12-01T01:00:27","date_gmt":"2025-12-01T01:00:27","guid":{"rendered":"https:\/\/prueba.jabutec.com.do\/?product=perfil-a06454n_2-kozel-klus-2-mt"},"modified":"2025-12-29T22:52:29","modified_gmt":"2025-12-29T22:52:29","slug":"perfil-a06454n_2-kozel-klus-2-mt","status":"publish","type":"product","link":"https:\/\/conssa.com.do\/?product=perfil-a06454n_2-kozel-klus-2-mt","title":{"rendered":"Perfil A06454N_2 KOZEL KLUS 2 mt"},"content":{"rendered":"<ul>\n<li style=\"display: table-row;font-size: 1rem\"><font dir=\"auto\" style=\"vertical-align: inherit\">Montaje en paneles de yeso<\/font><\/li>\n<li style=\"display: table-row;font-size: 1rem\"><font dir=\"auto\" style=\"vertical-align: inherit\">L\u00ednea de luz a ras de la superficie<\/font><\/li>\n<li style=\"display: table-row;font-size: 1rem\"><font dir=\"auto\" style=\"vertical-align: inherit\">Elementos de aluminio no visibles<\/font><\/li>\n<li style=\"display: table-row;font-size: 1rem\"><font dir=\"auto\" style=\"vertical-align: inherit\">Posibilidad de montar la fuente de alimentaci\u00f3n en la parte luminosa de la luminaria.<\/font><\/li>\n<li style=\"display: table-row;font-size: 1rem\"><font dir=\"auto\" style=\"vertical-align: inherit\">Posibilidad de utilizar m\u00f3dulos de corriente con una eficiencia de hasta 190 lm\/W y un CRI &gt; 90. Disponible bajo pedido<\/font><\/li>\n<\/ul>\n<div class=\"pc-info__title\"><font dir=\"auto\" style=\"vertical-align: inherit\">Solicitud<\/font><\/div>\n<div class=\"pc-info__content\">\n<ul style=\"margin-top: 0px;margin-bottom: 1rem;padding-left: 0px\">\n<li style=\"font-size: 15px;margin-bottom: 0.25rem\"><font dir=\"auto\" style=\"vertical-align: inherit\">&#8211; iluminaci\u00f3n principal y decorativa<\/font><\/li>\n<\/ul>\n<\/div>\n<div class=\"pc-info__title\"><font dir=\"auto\" style=\"vertical-align: inherit\">Montaje<\/font><\/div>\n<div class=\"pc-info__content\">\n<ul style=\"margin-top: 0px;margin-bottom: 1rem;padding-left: 0px\">\n<li style=\"font-size: 15px;margin-bottom: 0.25rem\"><font dir=\"auto\" style=\"vertical-align: inherit\">&#8211; en yeso, con adhesivo de montaje<\/font><\/li>\n<\/ul>\n<\/div>\n<div class=\"pc-info__title\"><font dir=\"auto\" style=\"vertical-align: inherit\">Informaci\u00f3n adicional<\/font><\/div>\n<div class=\"pc-info__content\">\n<ul style=\"margin-top: 0px;margin-bottom: 1rem;padding-left: 0px\">\n<li style=\"font-size: 15px;margin-bottom: 0.25rem\"><font dir=\"auto\" style=\"vertical-align: inherit\">&#8211; para proteger la luminaria durante la instalaci\u00f3n, se debe utilizar un inserto protector TECH-22<\/font><\/li>\n<li style=\"font-size: 15px;margin-bottom: 0.25rem\"><font dir=\"auto\" style=\"vertical-align: inherit\">&#8211; Si elige una longitud de perfiles\/cubiertas diferente a la disponible en el est\u00e1ndar, deber\u00e1 elegir adicionalmente el servicio de corte en KLU\u015a<\/font><\/li>\n<\/ul>\n<\/div>\n","protected":false},"excerpt":{"rendered":"<p><\/p>\n","protected":false},"featured_media":4466,"comment_status":"open","ping_status":"closed","template":"","meta":[],"product_brand":[162],"product_cat":[142],"product_tag":[],"class_list":{"0":"post-2991","1":"product","2":"type-product","3":"status-publish","4":"has-post-thumbnail","6":"product_brand-klus","7":"product_cat-perfiles","9":"first","10":"instock","11":"shipping-taxable","12":"product-type-simple"},"_links":{"self":[{"href":"https:\/\/conssa.com.do\/index.php?rest_route=\/wp\/v2\/product\/2991","targetHints":{"allow":["GET"]}}],"collection":[{"href":"https:\/\/conssa.com.do\/index.php?rest_route=\/wp\/v2\/product"}],"about":[{"href":"https:\/\/conssa.com.do\/index.php?rest_route=\/wp\/v2\/types\/product"}],"replies":[{"embeddable":true,"href":"https:\/\/conssa.com.do\/index.php?rest_route=%2Fwp%2Fv2%2Fcomments&post=2991"}],"wp:featuredmedia":[{"embeddable":true,"href":"https:\/\/conssa.com.do\/index.php?rest_route=\/wp\/v2\/media\/4466"}],"wp:attachment":[{"href":"https:\/\/conssa.com.do\/index.php?rest_route=%2Fwp%2Fv2%2Fmedia&parent=2991"}],"wp:term":[{"taxonomy":"product_brand","embeddable":true,"href":"https:\/\/conssa.com.do\/index.php?rest_route=%2Fwp%2Fv2%2Fproduct_brand&post=2991"},{"taxonomy":"product_cat","embeddable":true,"href":"https:\/\/conssa.com.do\/index.php?rest_route=%2Fwp%2Fv2%2Fproduct_cat&post=2991"},{"taxonomy":"product_tag","embeddable":true,"href":"https:\/\/conssa.com.do\/index.php?rest_route=%2Fwp%2Fv2%2Fproduct_tag&post=2991"}],"curies":[{"name":"wp","href":"https:\/\/api.w.org\/{rel}","templated":true}]}}