
      {"id":2998,"date":"2025-12-01T01:00:46","date_gmt":"2025-12-01T01:00:46","guid":{"rendered":"https:\/\/prueba.jabutec.com.do\/?product=perfil-a18040n_2-kozma-kpl-klus"},"modified":"2025-12-29T18:25:31","modified_gmt":"2025-12-29T18:25:31","slug":"perfil-a18040n_2-kozma-kpl-klus","status":"publish","type":"product","link":"https:\/\/conssa.com.do\/?product=perfil-a18040n_2-kozma-kpl-klus","title":{"rendered":"Perfil A18040N_2 KOZMA-KPL KLUS"},"content":{"rendered":"<ul>\n<li style=\"display: table-row;font-size: 1rem\"><font dir=\"auto\" style=\"vertical-align: inherit\">Montaje en paneles de yeso<\/font><\/li>\n<li style=\"display: table-row;font-size: 1rem\"><font dir=\"auto\" style=\"vertical-align: inherit\">Sin colisi\u00f3n con la estructura del techo.<\/font><\/li>\n<li style=\"display: table-row;font-size: 1rem\"><font dir=\"auto\" style=\"vertical-align: inherit\">L\u00ednea de luz a ras de la superficie<\/font><\/li>\n<li style=\"display: table-row;font-size: 1rem\"><font dir=\"auto\" style=\"vertical-align: inherit\">Elementos de aluminio no visibles<\/font><\/li>\n<li style=\"display: table-row;font-size: 1rem\"><font dir=\"auto\" style=\"vertical-align: inherit\">Radio de curvatura peque\u00f1o<\/font><\/li>\n<li>\n<div class=\"pc-info__title\" style=\"margin-top: 1rem;margin-bottom: 0.5rem;font-weight: bold;font-size: 20px;text-transform: uppercase\"><font dir=\"auto\" style=\"vertical-align: inherit\">Solicitud<\/font><\/div>\n<div class=\"pc-info__content\" style=\"font-size: 16px\">\n<ul style=\"margin-top: 0px;margin-bottom: 1rem;padding-left: 0px\">\n<li style=\"font-size: 15px;margin-bottom: 0.25rem\"><font dir=\"auto\" style=\"vertical-align: inherit\">&#8211; iluminaci\u00f3n principal y decorativa<\/font><\/li>\n<\/ul>\n<\/div>\n<div class=\"pc-info__title\" style=\"margin-top: 1rem;margin-bottom: 0.5rem;font-weight: bold;font-size: 20px;text-transform: uppercase\"><font dir=\"auto\" style=\"vertical-align: inherit\">Montaje<\/font><\/div>\n<div class=\"pc-info__content\" style=\"font-size: 16px\">\n<ul style=\"margin-top: 0px;margin-bottom: 1rem;padding-left: 0px\">\n<li style=\"font-size: 15px;margin-bottom: 0.25rem\"><font dir=\"auto\" style=\"vertical-align: inherit\">&#8211; en yeso, con adhesivo de montaje<\/font><\/li>\n<\/ul>\n<\/div>\n<div class=\"pc-info__title\" style=\"margin-top: 1rem;margin-bottom: 0.5rem;font-weight: bold;font-size: 20px;text-transform: uppercase\"><font dir=\"auto\" style=\"vertical-align: inherit\">Informaci\u00f3n adicional<\/font><\/div>\n<div class=\"pc-info__content\" style=\"font-size: 16px\">\n<ul style=\"margin-top: 0px;margin-bottom: 1rem;padding-left: 0px\">\n<li style=\"font-size: 15px;margin-bottom: 0.25rem\"><font dir=\"auto\" style=\"vertical-align: inherit\">&#8211; Para proteger la luminaria durante la instalaci\u00f3n, se debe utilizar un inserto protector TECH-KA<\/font><\/li>\n<li style=\"font-size: 15px;margin-bottom: 0.25rem\"><font dir=\"auto\" style=\"vertical-align: inherit\">&#8211; Si elige una longitud de perfiles\/cubiertas diferente a la disponible en el est\u00e1ndar, deber\u00e1 elegir adicionalmente el servicio de corte en KLU\u015a<\/font><\/li>\n<\/ul>\n<\/div>\n<\/li>\n<\/ul>\n","protected":false},"excerpt":{"rendered":"<p><br data-mce-bogus=\"1\"><\/p>\n","protected":false},"featured_media":4427,"comment_status":"open","ping_status":"closed","template":"","meta":[],"product_brand":[162],"product_cat":[142],"product_tag":[],"class_list":{"0":"post-2998","1":"product","2":"type-product","3":"status-publish","4":"has-post-thumbnail","6":"product_brand-klus","7":"product_cat-perfiles","9":"first","10":"instock","11":"shipping-taxable","12":"product-type-simple"},"_links":{"self":[{"href":"https:\/\/conssa.com.do\/index.php?rest_route=\/wp\/v2\/product\/2998","targetHints":{"allow":["GET"]}}],"collection":[{"href":"https:\/\/conssa.com.do\/index.php?rest_route=\/wp\/v2\/product"}],"about":[{"href":"https:\/\/conssa.com.do\/index.php?rest_route=\/wp\/v2\/types\/product"}],"replies":[{"embeddable":true,"href":"https:\/\/conssa.com.do\/index.php?rest_route=%2Fwp%2Fv2%2Fcomments&post=2998"}],"wp:featuredmedia":[{"embeddable":true,"href":"https:\/\/conssa.com.do\/index.php?rest_route=\/wp\/v2\/media\/4427"}],"wp:attachment":[{"href":"https:\/\/conssa.com.do\/index.php?rest_route=%2Fwp%2Fv2%2Fmedia&parent=2998"}],"wp:term":[{"taxonomy":"product_brand","embeddable":true,"href":"https:\/\/conssa.com.do\/index.php?rest_route=%2Fwp%2Fv2%2Fproduct_brand&post=2998"},{"taxonomy":"product_cat","embeddable":true,"href":"https:\/\/conssa.com.do\/index.php?rest_route=%2Fwp%2Fv2%2Fproduct_cat&post=2998"},{"taxonomy":"product_tag","embeddable":true,"href":"https:\/\/conssa.com.do\/index.php?rest_route=%2Fwp%2Fv2%2Fproduct_tag&post=2998"}],"curies":[{"name":"wp","href":"https:\/\/api.w.org\/{rel}","templated":true}]}}