
      {"id":2999,"date":"2025-12-01T01:00:51","date_gmt":"2025-12-01T01:00:51","guid":{"rendered":"https:\/\/prueba.jabutec.com.do\/?product=perfil-a18040n_2-kozma-kpl-klus-2"},"modified":"2025-12-13T13:58:03","modified_gmt":"2025-12-13T13:58:03","slug":"perfil-a18040n_2-kozma-kpl-klus-2","status":"publish","type":"product","link":"https:\/\/conssa.com.do\/?product=perfil-a18040n_2-kozma-kpl-klus-2","title":{"rendered":"Perfil A2966A_2 gris MICRO-PLUS aluminio KLUS"},"content":{"rendered":"<p>Perfil A2966A_2 gris MICRO-PLUS aluminio KLUS<\/p>\n","protected":false},"excerpt":{"rendered":"<div class=\"pc-info__title\"><span dir=\"auto\">Solicitud<\/span><\/div>\n<div class=\"pc-info__content\">\n<ul>\n<li><span dir=\"auto\">&#8211; mobiliario, iluminaci\u00f3n decorativa y funcional<\/span><\/li>\n<\/ul>\n<\/div>\n<div class=\"pc-info__title\"><span dir=\"auto\">Montaje<\/span><\/div>\n<div class=\"pc-info__content\">\n<ul>\n<li><span dir=\"auto\">&#8211; a la superficie, suspendido o empotrado, utilizando accesorios espec\u00edficos, tornillos adecuadamente seleccionados, con cinta adhesiva de doble cara o adhesivo de montaje<\/span><\/li>\n<li><span dir=\"auto\">&#8211; F\u00e1cil montaje y desmontaje mediante encaje a presi\u00f3n.<\/span><\/li>\n<\/ul>\n<\/div>\n<div class=\"pc-info__title\"><span dir=\"auto\">Informaci\u00f3n adicional<\/span><\/div>\n<div class=\"pc-info__content\">\n<ul>\n<li><span dir=\"auto\">&#8211; Si elige una longitud de perfiles\/cubiertas diferente a la disponible en el est\u00e1ndar, deber\u00e1 elegir adicionalmente el servicio de corte en KLU\u015a<\/span><\/li>\n<\/ul>\n<\/div>\n","protected":false},"featured_media":4255,"comment_status":"open","ping_status":"closed","template":"","meta":[],"product_brand":[162],"product_cat":[142],"product_tag":[],"class_list":{"0":"post-2999","1":"product","2":"type-product","3":"status-publish","4":"has-post-thumbnail","6":"product_brand-klus","7":"product_cat-perfiles","9":"first","10":"instock","11":"shipping-taxable","12":"product-type-simple"},"_links":{"self":[{"href":"https:\/\/conssa.com.do\/index.php?rest_route=\/wp\/v2\/product\/2999","targetHints":{"allow":["GET"]}}],"collection":[{"href":"https:\/\/conssa.com.do\/index.php?rest_route=\/wp\/v2\/product"}],"about":[{"href":"https:\/\/conssa.com.do\/index.php?rest_route=\/wp\/v2\/types\/product"}],"replies":[{"embeddable":true,"href":"https:\/\/conssa.com.do\/index.php?rest_route=%2Fwp%2Fv2%2Fcomments&post=2999"}],"wp:featuredmedia":[{"embeddable":true,"href":"https:\/\/conssa.com.do\/index.php?rest_route=\/wp\/v2\/media\/4255"}],"wp:attachment":[{"href":"https:\/\/conssa.com.do\/index.php?rest_route=%2Fwp%2Fv2%2Fmedia&parent=2999"}],"wp:term":[{"taxonomy":"product_brand","embeddable":true,"href":"https:\/\/conssa.com.do\/index.php?rest_route=%2Fwp%2Fv2%2Fproduct_brand&post=2999"},{"taxonomy":"product_cat","embeddable":true,"href":"https:\/\/conssa.com.do\/index.php?rest_route=%2Fwp%2Fv2%2Fproduct_cat&post=2999"},{"taxonomy":"product_tag","embeddable":true,"href":"https:\/\/conssa.com.do\/index.php?rest_route=%2Fwp%2Fv2%2Fproduct_tag&post=2999"}],"curies":[{"name":"wp","href":"https:\/\/api.w.org\/{rel}","templated":true}]}}