
      {"id":3003,"date":"2025-12-01T01:01:03","date_gmt":"2025-12-01T01:01:03","guid":{"rendered":"https:\/\/prueba.jabutec.com.do\/?product=perfil-aluminio-18030-des-kpl-klus-de-suspension-2"},"modified":"2025-12-13T14:16:02","modified_gmt":"2025-12-13T14:16:02","slug":"perfil-aluminio-18030-des-kpl-klus-de-suspension-2","status":"publish","type":"product","link":"https:\/\/conssa.com.do\/?product=perfil-aluminio-18030-des-kpl-klus-de-suspension-2","title":{"rendered":"Perfil A18042 STEP KLUS"},"content":{"rendered":"<p>PERFIL ALUMINIO 18042 (B4845) STEP KLUS<\/p>\n","protected":false},"excerpt":{"rendered":"<ul>\n<li><span dir=\"auto\">Para instalaci\u00f3n en los escalones<\/span><\/li>\n<li><span dir=\"auto\">Elementos antideslizantes<\/span><\/li>\n<li><span dir=\"auto\">Dos opciones de iluminaci\u00f3n<\/span><\/li>\n<li><span dir=\"auto\">Alta resistencia mec\u00e1nica<\/span><\/li>\n<\/ul>\n<div class=\"pc-info__content\">\n<ul>\n<li><strong><span dir=\"auto\">&#8211; iluminaci\u00f3n de advertencia y protecci\u00f3n antideslizante en los escalones<\/span><\/strong><\/li>\n<\/ul>\n<\/div>\n<div class=\"pc-info__title\"><span dir=\"auto\">Montaje<\/span><\/div>\n<div class=\"pc-info__content\">\n<ul>\n<li><span dir=\"auto\">&#8211; a un paso, utilizando tornillos adecuadamente seleccionados<\/span><\/li>\n<\/ul>\n<\/div>\n<div class=\"pc-info__title\"><span dir=\"auto\">Informaci\u00f3n adicional<\/span><\/div>\n<div class=\"pc-info__content\">\n<ul>\n<li><span dir=\"auto\">&#8211; Si elige una longitud de perfiles\/cubiertas diferente a la disponible en el est\u00e1ndar, deber\u00e1 elegir adicionalmente el servicio de corte en KLU\u015a<\/span><\/li>\n<\/ul>\n<\/div>\n","protected":false},"featured_media":4231,"comment_status":"open","ping_status":"closed","template":"","meta":[],"product_brand":[162],"product_cat":[142],"product_tag":[],"class_list":{"0":"post-3003","1":"product","2":"type-product","3":"status-publish","4":"has-post-thumbnail","6":"product_brand-klus","7":"product_cat-perfiles","9":"first","10":"instock","11":"shipping-taxable","12":"product-type-simple"},"_links":{"self":[{"href":"https:\/\/conssa.com.do\/index.php?rest_route=\/wp\/v2\/product\/3003","targetHints":{"allow":["GET"]}}],"collection":[{"href":"https:\/\/conssa.com.do\/index.php?rest_route=\/wp\/v2\/product"}],"about":[{"href":"https:\/\/conssa.com.do\/index.php?rest_route=\/wp\/v2\/types\/product"}],"replies":[{"embeddable":true,"href":"https:\/\/conssa.com.do\/index.php?rest_route=%2Fwp%2Fv2%2Fcomments&post=3003"}],"wp:featuredmedia":[{"embeddable":true,"href":"https:\/\/conssa.com.do\/index.php?rest_route=\/wp\/v2\/media\/4231"}],"wp:attachment":[{"href":"https:\/\/conssa.com.do\/index.php?rest_route=%2Fwp%2Fv2%2Fmedia&parent=3003"}],"wp:term":[{"taxonomy":"product_brand","embeddable":true,"href":"https:\/\/conssa.com.do\/index.php?rest_route=%2Fwp%2Fv2%2Fproduct_brand&post=3003"},{"taxonomy":"product_cat","embeddable":true,"href":"https:\/\/conssa.com.do\/index.php?rest_route=%2Fwp%2Fv2%2Fproduct_cat&post=3003"},{"taxonomy":"product_tag","embeddable":true,"href":"https:\/\/conssa.com.do\/index.php?rest_route=%2Fwp%2Fv2%2Fproduct_tag&post=3003"}],"curies":[{"name":"wp","href":"https:\/\/api.w.org\/{rel}","templated":true}]}}