
      {"id":3004,"date":"2025-12-01T01:01:06","date_gmt":"2025-12-01T01:01:06","guid":{"rendered":"https:\/\/prueba.jabutec.com.do\/?product=perfil-aluminio-18030-des-kpl-klus-de-suspension-3"},"modified":"2025-12-26T20:00:26","modified_gmt":"2025-12-26T20:00:26","slug":"perfil-aluminio-18030-des-kpl-klus-de-suspension-3","status":"publish","type":"product","link":"https:\/\/conssa.com.do\/?product=perfil-aluminio-18030-des-kpl-klus-de-suspension-3","title":{"rendered":"Perfil C0788 JAZ-DUO KLUS"},"content":{"rendered":"<p>Perfil C0788 JAZ-DUO KLUS<\/p>\n","protected":false},"excerpt":{"rendered":"<ul>\n<li><span dir=\"auto\">Iluminaci\u00f3n arriba\/abajo<\/span><\/li>\n<li><span dir=\"auto\">Componentes de aluminio ligeramente visibles<\/span><\/li>\n<li><span dir=\"auto\">Amplio \u00e1ngulo de iluminaci\u00f3n<\/span><\/li>\n<li><span dir=\"auto\">Luminaria de secci\u00f3n redonda<\/span><\/li>\n<li><span dir=\"auto\">Amplia gama de accesorios<\/span><\/li>\n<\/ul>\n<div class=\"pc-info__title\"><span dir=\"auto\">Solicitud<\/span><\/div>\n<div class=\"pc-info__content\">\n<ul>\n<li><span dir=\"auto\">&#8211; iluminaci\u00f3n principal y decorativa<\/span><\/li>\n<\/ul>\n<\/div>\n<div class=\"pc-info__title\"><span dir=\"auto\">Montaje<\/span><\/div>\n<div class=\"pc-info__content\">\n<ul>\n<li><span dir=\"auto\">&#8211; suspendido, utilizando accesorios dedicados<\/span><\/li>\n<\/ul>\n<\/div>\n<div class=\"pc-info__title\"><span dir=\"auto\">Informaci\u00f3n adicional<\/span><\/div>\n<div class=\"pc-info__content\">\n<ul>\n<li><span dir=\"auto\">&#8211; una amplia gama de accesorios que permite diversos montajes de la luminaria en cualquier direcci\u00f3n<\/span><\/li>\n<li><span dir=\"auto\">&#8211; Si elige una longitud de perfiles\/cubiertas diferente a la disponible en el est\u00e1ndar, deber\u00e1 elegir adicionalmente el servicio de corte en KLU\u015a<\/span><\/li>\n<\/ul>\n<\/div>\n","protected":false},"featured_media":4221,"comment_status":"open","ping_status":"closed","template":"","meta":[],"product_brand":[162],"product_cat":[142],"product_tag":[],"class_list":{"0":"post-3004","1":"product","2":"type-product","3":"status-publish","4":"has-post-thumbnail","6":"product_brand-klus","7":"product_cat-perfiles","9":"first","10":"instock","11":"shipping-taxable","12":"product-type-simple"},"_links":{"self":[{"href":"https:\/\/conssa.com.do\/index.php?rest_route=\/wp\/v2\/product\/3004","targetHints":{"allow":["GET"]}}],"collection":[{"href":"https:\/\/conssa.com.do\/index.php?rest_route=\/wp\/v2\/product"}],"about":[{"href":"https:\/\/conssa.com.do\/index.php?rest_route=\/wp\/v2\/types\/product"}],"replies":[{"embeddable":true,"href":"https:\/\/conssa.com.do\/index.php?rest_route=%2Fwp%2Fv2%2Fcomments&post=3004"}],"wp:featuredmedia":[{"embeddable":true,"href":"https:\/\/conssa.com.do\/index.php?rest_route=\/wp\/v2\/media\/4221"}],"wp:attachment":[{"href":"https:\/\/conssa.com.do\/index.php?rest_route=%2Fwp%2Fv2%2Fmedia&parent=3004"}],"wp:term":[{"taxonomy":"product_brand","embeddable":true,"href":"https:\/\/conssa.com.do\/index.php?rest_route=%2Fwp%2Fv2%2Fproduct_brand&post=3004"},{"taxonomy":"product_cat","embeddable":true,"href":"https:\/\/conssa.com.do\/index.php?rest_route=%2Fwp%2Fv2%2Fproduct_cat&post=3004"},{"taxonomy":"product_tag","embeddable":true,"href":"https:\/\/conssa.com.do\/index.php?rest_route=%2Fwp%2Fv2%2Fproduct_tag&post=3004"}],"curies":[{"name":"wp","href":"https:\/\/api.w.org\/{rel}","templated":true}]}}