
      {"id":445,"date":"2025-10-22T10:33:39","date_gmt":"2025-10-22T10:33:39","guid":{"rendered":"https:\/\/prueba.jabutec.com.do\/?product=conector-flex-de-esquina-magnetico-energizado-para-riel-cl"},"modified":"2025-11-25T19:16:20","modified_gmt":"2025-11-25T19:16:20","slug":"conector-flex-de-esquina-magnetico-energizado-para-riel-cl","status":"publish","type":"product","link":"https:\/\/conssa.com.do\/?product=conector-flex-de-esquina-magnetico-energizado-para-riel-cl","title":{"rendered":"CONECTOR FLEX. DE ESQUINA MAGNETICO ENERGIZADO PARA RIEL CL"},"content":{"rendered":"<p><br data-mce-bogus=\"1\"><\/p>\n","protected":false},"excerpt":{"rendered":"<p>Conector flexible y energizado para esquinas en sistemas de rieles magn\u00e9ticos CL. Permite crear \u00e1ngulos variables y mantener la alimentaci\u00f3n el\u00e9ctrica.<\/p>\n","protected":false},"featured_media":1090,"comment_status":"open","ping_status":"closed","template":"","meta":[],"product_brand":[],"product_cat":[46],"product_tag":[],"class_list":{"0":"post-445","1":"product","2":"type-product","3":"status-publish","4":"has-post-thumbnail","6":"product_cat-accesorios-magneticos","8":"first","9":"instock","10":"shipping-taxable","11":"product-type-simple"},"_links":{"self":[{"href":"https:\/\/conssa.com.do\/index.php?rest_route=\/wp\/v2\/product\/445","targetHints":{"allow":["GET"]}}],"collection":[{"href":"https:\/\/conssa.com.do\/index.php?rest_route=\/wp\/v2\/product"}],"about":[{"href":"https:\/\/conssa.com.do\/index.php?rest_route=\/wp\/v2\/types\/product"}],"replies":[{"embeddable":true,"href":"https:\/\/conssa.com.do\/index.php?rest_route=%2Fwp%2Fv2%2Fcomments&post=445"}],"wp:featuredmedia":[{"embeddable":true,"href":"https:\/\/conssa.com.do\/index.php?rest_route=\/wp\/v2\/media\/1090"}],"wp:attachment":[{"href":"https:\/\/conssa.com.do\/index.php?rest_route=%2Fwp%2Fv2%2Fmedia&parent=445"}],"wp:term":[{"taxonomy":"product_brand","embeddable":true,"href":"https:\/\/conssa.com.do\/index.php?rest_route=%2Fwp%2Fv2%2Fproduct_brand&post=445"},{"taxonomy":"product_cat","embeddable":true,"href":"https:\/\/conssa.com.do\/index.php?rest_route=%2Fwp%2Fv2%2Fproduct_cat&post=445"},{"taxonomy":"product_tag","embeddable":true,"href":"https:\/\/conssa.com.do\/index.php?rest_route=%2Fwp%2Fv2%2Fproduct_tag&post=445"}],"curies":[{"name":"wp","href":"https:\/\/api.w.org\/{rel}","templated":true}]}}