
      {"id":4486,"date":"2026-01-01T17:59:43","date_gmt":"2026-01-01T17:59:43","guid":{"rendered":"https:\/\/evolucionbmp.com\/?product=aplique-4w-lbd3450-4-ip-65-12012052mm-negro-3000k"},"modified":"2026-01-01T18:11:06","modified_gmt":"2026-01-01T18:11:06","slug":"aplique-4w-lbd3450-4-ip-65-12012052mm-negro-3000k","status":"publish","type":"product","link":"https:\/\/conssa.com.do\/?product=aplique-4w-lbd3450-4-ip-65-12012052mm-negro-3000k","title":{"rendered":"Aplique 4w LBD3450-4 IP-65 120*120*52mm negro 3000k"},"content":{"rendered":"<h1 style=\"margin: 0px;padding: 0px;font-weight: normal;max-width: 100%\" data-mce-style=\"margin: 0px; padding: 0px; font-weight: normal; max-width: 100%;\"><span dir=\"auto\" style=\"max-width: 100%;vertical-align: inherit\" data-mce-style=\"max-width: 100%; vertical-align: inherit;\">L\u00e1mpara de pared LED<\/span><\/h1>\n<p style=\"margin: 0px;padding: 0px;max-width: 100%;letter-spacing: 0px;line-height: 1.2em\" data-mce-style=\"margin: 0px; padding: 0px; max-width: 100%; letter-spacing: 0px; line-height: 1.2em;\"><br style=\"max-width: 100%\" data-mce-style=\"max-width: 100%;\"><\/p>\n<p style=\"margin: 0px;padding: 0px;max-width: 100%\" data-mce-style=\"margin: 0px; padding: 0px; max-width: 100%;\"><span dir=\"auto\" style=\"max-width: 100%;vertical-align: inherit\" data-mce-style=\"max-width: 100%; vertical-align: inherit;\">La l\u00e1mpara de pared LED para exteriores LBD345-4 se distingue de una l\u00e1mpara de pared est\u00e1ndar. Se utiliza frecuentemente en exteriores y ofrece ventajas especiales, como alta luminosidad, seguridad, eficiencia energ\u00e9tica, protecci\u00f3n del medio ambiente y m\u00e1s.<\/span><\/p>\n<p style=\"margin: 0px;padding: 0px;max-width: 100%\" data-mce-style=\"margin: 0px; padding: 0px; max-width: 100%;\"><\/p>\n<p style=\"margin: 0px;padding: 0px;max-width: 100%\" data-mce-style=\"margin: 0px; padding: 0px; max-width: 100%;\"><span dir=\"auto\" style=\"max-width: 100%;vertical-align: inherit\" data-mce-style=\"max-width: 100%; vertical-align: inherit;\">Resistente a la intemperie: Esta l\u00e1mpara LED de pared para exteriores est\u00e1 fabricada completamente en policarbonato. Este pl\u00e1stico econ\u00f3mico es resistente a la corrosi\u00f3n, al polvo y al agua. Adem\u00e1s, nuestra l\u00e1mpara LED de pared para exteriores cumple con el nivel de protecci\u00f3n IP65, lo que la hace perfecta para entornos dif\u00edciles como la playa y s\u00f3tanos.<\/span><\/p>\n<p style=\"margin: 0px;padding: 0px;max-width: 100%\" data-mce-style=\"margin: 0px; padding: 0px; max-width: 100%;\"><br style=\"max-width: 100%\" data-mce-style=\"max-width: 100%;\"><\/p>\n<p style=\"margin: 0px;padding: 0px;max-width: 100%\" data-mce-style=\"margin: 0px; padding: 0px; max-width: 100%;\"><span dir=\"auto\" style=\"max-width: 100%;vertical-align: inherit\" data-mce-style=\"max-width: 100%; vertical-align: inherit;\">Alto brillo y tres temperaturas de color: utilizando la tecnolog\u00eda LED m\u00e1s reciente, el LED integrado de 4 vatios (100-240 V) produce un brillo comparable al de una bombilla incandescente, con tres temperaturas de color de 3000 K (luz c\u00e1lida),\u00a0<\/span><br style=\"max-width: 100%\" data-mce-style=\"max-width: 100%;\"><\/p>\n<p style=\"margin: 0px;padding: 0px;max-width: 100%\" data-mce-style=\"margin: 0px; padding: 0px; max-width: 100%;\"><br style=\"max-width: 100%\" data-mce-style=\"max-width: 100%;\"><\/p>\n<p style=\"margin: 0px;padding: 0px;max-width: 100%\" data-mce-style=\"margin: 0px; padding: 0px; max-width: 100%;\"><span dir=\"auto\" style=\"max-width: 100%;vertical-align: inherit\" data-mce-style=\"max-width: 100%; vertical-align: inherit;\">Estilo moderno: La l\u00e1mpara LED de pared para exterior tiene un dise\u00f1o claro que se adapta f\u00e1cilmente a diversos estilos de decoraci\u00f3n. Un dise\u00f1o de alta gama que se integra perfectamente con la luz. Puede instalar una pantalla de policarbonato opalescente para crear una iluminaci\u00f3n c\u00e1lida en las paredes exteriores o en las escaleras interiores.<\/span><\/p>\n<p style=\"margin: 0px;padding: 0px;max-width: 100%\" data-mce-style=\"margin: 0px; padding: 0px; max-width: 100%;\"><span dir=\"auto\" style=\"max-width: 100%;vertical-align: inherit\" data-mce-style=\"max-width: 100%; vertical-align: inherit;\">F\u00e1cil de instalar: Como todos los accesorios de montaje est\u00e1n incluidos, podr\u00e1 instalarla r\u00e1pidamente una vez recibida. La l\u00e1mpara LED de pared para exteriores se ensambla en solo 5 pasos con el equipo y las instrucciones adecuados. Simplemente siga las instrucciones y descubrir\u00e1 que montarla no es tan dif\u00edcil. Colgarla en la pared es muy f\u00e1cil.<\/span><\/p>\n<p style=\"margin: 0px;padding: 0px;max-width: 100%\" data-mce-style=\"margin: 0px; padding: 0px; max-width: 100%;\"><br style=\"max-width: 100%\" data-mce-style=\"max-width: 100%;\"><\/p>\n<p style=\"margin: 0px;padding: 0px;max-width: 100%\" data-mce-style=\"margin: 0px; padding: 0px; max-width: 100%;\"><span dir=\"auto\" style=\"max-width: 100%;vertical-align: inherit\" data-mce-style=\"max-width: 100%; vertical-align: inherit;\">Cuando necesites relajarte despu\u00e9s de un largo d\u00eda, esta l\u00e1mpara de pared exterior de marca se convertir\u00e1 inmediatamente en tu nueva favorita. Es la opci\u00f3n perfecta si necesitas una l\u00e1mpara para iluminar pasillos, porches, balcones, ba\u00f1os, dormitorios y salas de estar. <\/span><br style=\"max-width: 100%\" data-mce-style=\"max-width: 100%;\"><\/p>\n<p style=\"margin: 0px;padding: 0px;max-width: 100%\" data-mce-style=\"margin: 0px; padding: 0px; max-width: 100%;\"><br style=\"max-width: 100%;font-family: Poppins\" data-mce-style=\"max-width: 100%; font-family: Poppins;\"><\/p>\n","protected":false},"excerpt":{"rendered":"<div class=\"inner\" style=\"margin: 0px;padding: 0px;overflow: auto;width: 1000.01px;max-width: 100%\" data-mce-style=\"margin: 0px; padding: 0px; overflow: auto; width: 1000.01px; max-width: 100%;\">\n<table width=\"884\" style=\"border-collapse: collapse;border-spacing: 0px;margin-bottom: 5px;width: 1000.01px;min-width: 640px;max-width: 100%\" data-mce-style=\"border-collapse: collapse; border-spacing: 0px; margin-bottom: 5px; width: 1000.01px; min-width: 640px; max-width: 100%;\" class=\"mce-item-table\">\n<tbody style=\"max-width: 100%\" data-mce-style=\"max-width: 100%;\">\n<tr class=\"firstRow\" style=\"max-width: 100%\" data-mce-style=\"max-width: 100%;\">\n<td valign=\"top\" colspan=\"1\" rowspan=\"1\" width=\"301\" style=\"margin: 0px;padding: 5px 10px;border-collapse: collapse;max-width: 100%\" data-mce-style=\"margin: 0px; padding: 5px 10px; border-collapse: collapse; max-width: 100%;\"><span style=\"max-width: 100%;font-family: Arial\" data-mce-style=\"max-width: 100%; font-family: Arial;\"><span dir=\"auto\" style=\"max-width: 100%;vertical-align: inherit\" data-mce-style=\"max-width: 100%; vertical-align: inherit;\">Modo<\/span><\/span><\/td>\n<td valign=\"top\" colspan=\"1\" rowspan=\"1\" width=\"524\" style=\"margin: 0px;padding: 5px 10px;border-collapse: collapse;max-width: 100%\" data-mce-style=\"margin: 0px; padding: 5px 10px; border-collapse: collapse; max-width: 100%;\"><strong style=\"max-width: 100%\" data-mce-style=\"max-width: 100%;\"><span dir=\"auto\" style=\"max-width: 100%;vertical-align: inherit\" data-mce-style=\"max-width: 100%; vertical-align: inherit;\">LBD3450-4<\/span><\/strong><\/td>\n<\/tr>\n<tr style=\"max-width: 100%\" data-mce-style=\"max-width: 100%;\">\n<td valign=\"top\" width=\"83\" style=\"margin: 0px;padding: 5px 10px;border-collapse: collapse;max-width: 100%\" data-mce-style=\"margin: 0px; padding: 5px 10px; border-collapse: collapse; max-width: 100%;\"><span style=\"max-width: 100%;font-family: Arial\" data-mce-style=\"max-width: 100%; font-family: Arial;\"><span dir=\"auto\" style=\"max-width: 100%;vertical-align: inherit\" data-mce-style=\"max-width: 100%; vertical-align: inherit;\">Dimensi\u00f3n<\/span><\/span><\/td>\n<td valign=\"top\" colspan=\"1\" rowspan=\"1\" width=\"633\" style=\"margin: 0px;padding: 5px 10px;border-collapse: collapse;max-width: 100%\" data-mce-style=\"margin: 0px; padding: 5px 10px; border-collapse: collapse; max-width: 100%;\"><span dir=\"auto\" style=\"max-width: 100%;vertical-align: inherit\" data-mce-style=\"max-width: 100%; vertical-align: inherit;\">120 x 120 x 52 mm<\/span><\/td>\n<\/tr>\n<tr style=\"max-width: 100%\" data-mce-style=\"max-width: 100%;\">\n<td valign=\"top\" width=\"83\" style=\"margin: 0px;padding: 5px 10px;border-collapse: collapse;max-width: 100%\" data-mce-style=\"margin: 0px; padding: 5px 10px; border-collapse: collapse; max-width: 100%;\"><span style=\"max-width: 100%;font-family: Arial\" data-mce-style=\"max-width: 100%; font-family: Arial;\"><span dir=\"auto\" style=\"max-width: 100%;vertical-align: inherit\" data-mce-style=\"max-width: 100%; vertical-align: inherit;\">Potencia<\/span><\/span><\/td>\n<td valign=\"top\" colspan=\"1\" rowspan=\"1\" width=\"633\" style=\"margin: 0px;padding: 5px 10px;border-collapse: collapse;max-width: 100%\" data-mce-style=\"margin: 0px; padding: 5px 10px; border-collapse: collapse; max-width: 100%;\"><span dir=\"auto\" style=\"max-width: 100%;vertical-align: inherit\" data-mce-style=\"max-width: 100%; vertical-align: inherit;\">4W<\/span><\/td>\n<\/tr>\n<tr style=\"max-width: 100%\" data-mce-style=\"max-width: 100%;\">\n<td valign=\"top\" colspan=\"1\" rowspan=\"1\" width=\"301\" style=\"margin: 0px;padding: 5px 10px;border-collapse: collapse;max-width: 100%\" data-mce-style=\"margin: 0px; padding: 5px 10px; border-collapse: collapse; max-width: 100%;\"><span dir=\"auto\" style=\"max-width: 100%;vertical-align: inherit\" data-mce-style=\"max-width: 100%; vertical-align: inherit;\">Eficiencia de la iluminaci\u00f3n<\/span><\/td>\n<td valign=\"top\" colspan=\"1\" rowspan=\"1\" width=\"524\" style=\"margin: 0px;padding: 5px 10px;border-collapse: collapse;max-width: 100%\" data-mce-style=\"margin: 0px; padding: 5px 10px; border-collapse: collapse; max-width: 100%;\"><span dir=\"auto\" style=\"max-width: 100%;vertical-align: inherit\" data-mce-style=\"max-width: 100%; vertical-align: inherit;\">65 lm\/W<\/span><\/td>\n<\/tr>\n<tr style=\"max-width: 100%\" data-mce-style=\"max-width: 100%;\">\n<td valign=\"top\" colspan=\"1\" rowspan=\"1\" width=\"301\" style=\"margin: 0px;padding: 5px 10px;border-collapse: collapse;max-width: 100%\" data-mce-style=\"margin: 0px; padding: 5px 10px; border-collapse: collapse; max-width: 100%;\">\n<p style=\"margin: 0px;padding: 0px;max-width: 100%\" data-mce-style=\"margin: 0px; padding: 0px; max-width: 100%;\"><span dir=\"auto\" style=\"max-width: 100%;vertical-align: inherit\" data-mce-style=\"max-width: 100%; vertical-align: inherit;\">Par\u00e1metro de entrada<\/span><\/p>\n<\/td>\n<td valign=\"top\" colspan=\"1\" rowspan=\"1\" width=\"524\" style=\"margin: 0px;padding: 5px 10px;border-collapse: collapse;max-width: 100%\" data-mce-style=\"margin: 0px; padding: 5px 10px; border-collapse: collapse; max-width: 100%;\"><span dir=\"auto\" style=\"max-width: 100%;vertical-align: inherit\" data-mce-style=\"max-width: 100%; vertical-align: inherit;\">100\uff5e240 V CA, 50\/60 Hz<\/span><\/td>\n<\/tr>\n<tr style=\"max-width: 100%\" data-mce-style=\"max-width: 100%;\">\n<td valign=\"top\" width=\"83\" style=\"margin: 0px;padding: 5px 10px;border-collapse: collapse;max-width: 100%\" data-mce-style=\"margin: 0px; padding: 5px 10px; border-collapse: collapse; max-width: 100%;\"><span style=\"max-width: 100%;font-family: Arial\" data-mce-style=\"max-width: 100%; font-family: Arial;\"><span dir=\"auto\" style=\"max-width: 100%;vertical-align: inherit\" data-mce-style=\"max-width: 100%; vertical-align: inherit;\">Material<\/span><\/span><\/td>\n<td valign=\"top\" colspan=\"1\" rowspan=\"1\" width=\"633\" style=\"margin: 0px;padding: 5px 10px;border-collapse: collapse;max-width: 100%\" data-mce-style=\"margin: 0px; padding: 5px 10px; border-collapse: collapse; max-width: 100%;\"><span dir=\"auto\" style=\"max-width: 100%;vertical-align: inherit\" data-mce-style=\"max-width: 100%; vertical-align: inherit;\">ordenador personal<\/span><\/td>\n<\/tr>\n<tr style=\"max-width: 100%\" data-mce-style=\"max-width: 100%;\">\n<td valign=\"top\" colspan=\"1\" rowspan=\"1\" width=\"301\" style=\"margin: 0px;padding: 5px 10px;border-collapse: collapse;max-width: 100%\" data-mce-style=\"margin: 0px; padding: 5px 10px; border-collapse: collapse; max-width: 100%;\"><span style=\"max-width: 100%;font-family: Arial\" data-mce-style=\"max-width: 100%; font-family: Arial;\"><span dir=\"auto\" style=\"max-width: 100%;vertical-align: inherit\" data-mce-style=\"max-width: 100%; vertical-align: inherit;\">Solicitud<\/span><\/span><\/td>\n<td valign=\"top\" colspan=\"1\" rowspan=\"1\" width=\"524\" style=\"margin: 0px;padding: 5px 10px;border-collapse: collapse;max-width: 100%\" data-mce-style=\"margin: 0px; padding: 5px 10px; border-collapse: collapse; max-width: 100%;\"><span style=\"max-width: 100%;font-family: Arial\" data-mce-style=\"max-width: 100%; font-family: Arial;\"><span dir=\"auto\" style=\"max-width: 100%;vertical-align: inherit\" data-mce-style=\"max-width: 100%; vertical-align: inherit;\">Hotel, iluminaci\u00f3n del hogar, lugar de recreaci\u00f3n, supermercado, edificio de oficinas<\/span><\/span><\/td>\n<\/tr>\n<\/tbody>\n<\/table>\n<\/div>\n<p style=\"margin: 0px;padding: 0px;max-width: 100%;letter-spacing: 0px;line-height: 1.2em\" data-mce-style=\"margin: 0px; padding: 0px; max-width: 100%; letter-spacing: 0px; line-height: 1.2em;\"><br style=\"max-width: 100%;font-family: Poppins\" data-mce-style=\"max-width: 100%; font-family: Poppins;\"><\/p>\n","protected":false},"featured_media":4485,"comment_status":"open","ping_status":"closed","template":"","meta":[],"product_brand":[],"product_cat":[49,51,127],"product_tag":[],"class_list":{"0":"post-4486","1":"product","2":"type-product","3":"status-publish","4":"has-post-thumbnail","6":"product_cat-aplique-de-pared-comercial","7":"product_cat-aplique-exterior-gu-10","8":"product_cat-noti-evo","10":"first","11":"instock","12":"shipping-taxable","13":"product-type-simple"},"_links":{"self":[{"href":"https:\/\/conssa.com.do\/index.php?rest_route=\/wp\/v2\/product\/4486","targetHints":{"allow":["GET"]}}],"collection":[{"href":"https:\/\/conssa.com.do\/index.php?rest_route=\/wp\/v2\/product"}],"about":[{"href":"https:\/\/conssa.com.do\/index.php?rest_route=\/wp\/v2\/types\/product"}],"replies":[{"embeddable":true,"href":"https:\/\/conssa.com.do\/index.php?rest_route=%2Fwp%2Fv2%2Fcomments&post=4486"}],"wp:featuredmedia":[{"embeddable":true,"href":"https:\/\/conssa.com.do\/index.php?rest_route=\/wp\/v2\/media\/4485"}],"wp:attachment":[{"href":"https:\/\/conssa.com.do\/index.php?rest_route=%2Fwp%2Fv2%2Fmedia&parent=4486"}],"wp:term":[{"taxonomy":"product_brand","embeddable":true,"href":"https:\/\/conssa.com.do\/index.php?rest_route=%2Fwp%2Fv2%2Fproduct_brand&post=4486"},{"taxonomy":"product_cat","embeddable":true,"href":"https:\/\/conssa.com.do\/index.php?rest_route=%2Fwp%2Fv2%2Fproduct_cat&post=4486"},{"taxonomy":"product_tag","embeddable":true,"href":"https:\/\/conssa.com.do\/index.php?rest_route=%2Fwp%2Fv2%2Fproduct_tag&post=4486"}],"curies":[{"name":"wp","href":"https:\/\/api.w.org\/{rel}","templated":true}]}}