
      {"id":464,"date":"2025-10-22T10:34:21","date_gmt":"2025-10-22T10:34:21","guid":{"rendered":"https:\/\/prueba.jabutec.com.do\/?product=union-mag-vertical-t2202l-para-riel-magnetico-de-superficie-858546"},"modified":"2025-11-25T19:45:10","modified_gmt":"2025-11-25T19:45:10","slug":"union-mag-vertical-t2202l-para-riel-magnetico-de-superficie-858546","status":"publish","type":"product","link":"https:\/\/conssa.com.do\/?product=union-mag-vertical-t2202l-para-riel-magnetico-de-superficie-858546","title":{"rendered":"Union mag. VERTICAL T2202L PARA RIEL MAGNETICO DE SUPERFICIE 85*85*46"},"content":{"rendered":"<p><br data-mce-bogus=\"1\"><\/p>\n","protected":false},"excerpt":{"rendered":"<p>Uni\u00f3n magn\u00e9tica vertical (modelo T2202L) para conectar rieles magn\u00e9ticos montados en superficie en esquinas interiores o exteriores verticales. Dimensiones 85x85x46mm.<\/p>\n","protected":false},"featured_media":1106,"comment_status":"open","ping_status":"closed","template":"","meta":[],"product_brand":[],"product_cat":[46],"product_tag":[],"class_list":{"0":"post-464","1":"product","2":"type-product","3":"status-publish","4":"has-post-thumbnail","6":"product_cat-accesorios-magneticos","8":"first","9":"instock","10":"shipping-taxable","11":"product-type-simple"},"_links":{"self":[{"href":"https:\/\/conssa.com.do\/index.php?rest_route=\/wp\/v2\/product\/464","targetHints":{"allow":["GET"]}}],"collection":[{"href":"https:\/\/conssa.com.do\/index.php?rest_route=\/wp\/v2\/product"}],"about":[{"href":"https:\/\/conssa.com.do\/index.php?rest_route=\/wp\/v2\/types\/product"}],"replies":[{"embeddable":true,"href":"https:\/\/conssa.com.do\/index.php?rest_route=%2Fwp%2Fv2%2Fcomments&post=464"}],"wp:featuredmedia":[{"embeddable":true,"href":"https:\/\/conssa.com.do\/index.php?rest_route=\/wp\/v2\/media\/1106"}],"wp:attachment":[{"href":"https:\/\/conssa.com.do\/index.php?rest_route=%2Fwp%2Fv2%2Fmedia&parent=464"}],"wp:term":[{"taxonomy":"product_brand","embeddable":true,"href":"https:\/\/conssa.com.do\/index.php?rest_route=%2Fwp%2Fv2%2Fproduct_brand&post=464"},{"taxonomy":"product_cat","embeddable":true,"href":"https:\/\/conssa.com.do\/index.php?rest_route=%2Fwp%2Fv2%2Fproduct_cat&post=464"},{"taxonomy":"product_tag","embeddable":true,"href":"https:\/\/conssa.com.do\/index.php?rest_route=%2Fwp%2Fv2%2Fproduct_tag&post=464"}],"curies":[{"name":"wp","href":"https:\/\/api.w.org\/{rel}","templated":true}]}}