
      {"id":577,"date":"2025-10-22T10:39:34","date_gmt":"2025-10-22T10:39:34","guid":{"rendered":"https:\/\/prueba.jabutec.com.do\/?product=bombillo-rojo-gu-10-3w-3x1w-85-265v-elecluz"},"modified":"2025-11-30T03:29:09","modified_gmt":"2025-11-30T03:29:09","slug":"bombillo-rojo-gu-10-3w-3x1w-85-265v-elecluz","status":"publish","type":"product","link":"https:\/\/conssa.com.do\/?product=bombillo-rojo-gu-10-3w-3x1w-85-265v-elecluz","title":{"rendered":"BOMBILLO ROJO GU-10 3W 3X1W 85-265V ELECLUZ"},"content":{"rendered":"<p><br data-mce-bogus=\"1\"><\/p>\n","protected":false},"excerpt":{"rendered":"<p>Bombillo LED con base GU-10, 3W (3x1W), color de luz rojo. Voltaje universal 85-265V. Marca Elecluz. Ideal para se\u00f1alizaci\u00f3n o decoraci\u00f3n.<\/p>\n","protected":false},"featured_media":1910,"comment_status":"open","ping_status":"closed","template":"","meta":[],"product_brand":[],"product_cat":[60],"product_tag":[],"class_list":{"0":"post-577","1":"product","2":"type-product","3":"status-publish","4":"has-post-thumbnail","6":"product_cat-bombillos-gu-10","8":"first","9":"instock","10":"shipping-taxable","11":"product-type-simple"},"_links":{"self":[{"href":"https:\/\/conssa.com.do\/index.php?rest_route=\/wp\/v2\/product\/577","targetHints":{"allow":["GET"]}}],"collection":[{"href":"https:\/\/conssa.com.do\/index.php?rest_route=\/wp\/v2\/product"}],"about":[{"href":"https:\/\/conssa.com.do\/index.php?rest_route=\/wp\/v2\/types\/product"}],"replies":[{"embeddable":true,"href":"https:\/\/conssa.com.do\/index.php?rest_route=%2Fwp%2Fv2%2Fcomments&post=577"}],"wp:featuredmedia":[{"embeddable":true,"href":"https:\/\/conssa.com.do\/index.php?rest_route=\/wp\/v2\/media\/1910"}],"wp:attachment":[{"href":"https:\/\/conssa.com.do\/index.php?rest_route=%2Fwp%2Fv2%2Fmedia&parent=577"}],"wp:term":[{"taxonomy":"product_brand","embeddable":true,"href":"https:\/\/conssa.com.do\/index.php?rest_route=%2Fwp%2Fv2%2Fproduct_brand&post=577"},{"taxonomy":"product_cat","embeddable":true,"href":"https:\/\/conssa.com.do\/index.php?rest_route=%2Fwp%2Fv2%2Fproduct_cat&post=577"},{"taxonomy":"product_tag","embeddable":true,"href":"https:\/\/conssa.com.do\/index.php?rest_route=%2Fwp%2Fv2%2Fproduct_tag&post=577"}],"curies":[{"name":"wp","href":"https:\/\/api.w.org\/{rel}","templated":true}]}}