
      {"id":695,"date":"2025-10-22T10:46:37","date_gmt":"2025-10-22T10:46:37","guid":{"rendered":"https:\/\/prueba.jabutec.com.do\/?product=driver-100w-12v-ip-67-8-3a-110-265v-lx"},"modified":"2025-11-30T05:07:26","modified_gmt":"2025-11-30T05:07:26","slug":"driver-100w-12v-ip-67-8-3a-110-265v-lx","status":"publish","type":"product","link":"https:\/\/conssa.com.do\/?product=driver-100w-12v-ip-67-8-3a-110-265v-lx","title":{"rendered":"Driver 100W 12V IP-67 8.3A 110-265V LX"},"content":{"rendered":"<p><br data-mce-bogus=\"1\"><\/p>\n","protected":false},"excerpt":{"rendered":"<p>Fuente de alimentaci\u00f3n LED (Driver) de 100W y 12V DC (8.3A). Protecci\u00f3n IP67 para exteriores o zonas h\u00famedas. Entrada universal AC 110-265V.<\/p>\n","protected":false},"featured_media":1970,"comment_status":"open","ping_status":"closed","template":"","meta":[],"product_brand":[],"product_cat":[78,79],"product_tag":[],"class_list":{"0":"post-695","1":"product","2":"type-product","3":"status-publish","4":"has-post-thumbnail","6":"product_cat-drivers","7":"product_cat-y-fuentes","9":"first","10":"instock","11":"shipping-taxable","12":"product-type-simple"},"_links":{"self":[{"href":"https:\/\/conssa.com.do\/index.php?rest_route=\/wp\/v2\/product\/695","targetHints":{"allow":["GET"]}}],"collection":[{"href":"https:\/\/conssa.com.do\/index.php?rest_route=\/wp\/v2\/product"}],"about":[{"href":"https:\/\/conssa.com.do\/index.php?rest_route=\/wp\/v2\/types\/product"}],"replies":[{"embeddable":true,"href":"https:\/\/conssa.com.do\/index.php?rest_route=%2Fwp%2Fv2%2Fcomments&post=695"}],"wp:featuredmedia":[{"embeddable":true,"href":"https:\/\/conssa.com.do\/index.php?rest_route=\/wp\/v2\/media\/1970"}],"wp:attachment":[{"href":"https:\/\/conssa.com.do\/index.php?rest_route=%2Fwp%2Fv2%2Fmedia&parent=695"}],"wp:term":[{"taxonomy":"product_brand","embeddable":true,"href":"https:\/\/conssa.com.do\/index.php?rest_route=%2Fwp%2Fv2%2Fproduct_brand&post=695"},{"taxonomy":"product_cat","embeddable":true,"href":"https:\/\/conssa.com.do\/index.php?rest_route=%2Fwp%2Fv2%2Fproduct_cat&post=695"},{"taxonomy":"product_tag","embeddable":true,"href":"https:\/\/conssa.com.do\/index.php?rest_route=%2Fwp%2Fv2%2Fproduct_tag&post=695"}],"curies":[{"name":"wp","href":"https:\/\/api.w.org\/{rel}","templated":true}]}}